{"id":16,"date":"2022-06-15T15:59:50","date_gmt":"2022-06-15T13:59:50","guid":{"rendered":"http:\/\/lafouleedouce.fr\/?page_id=16"},"modified":"2026-04-22T01:11:22","modified_gmt":"2026-04-21T23:11:22","slug":"sorties","status":"publish","type":"page","link":"https:\/\/lafouleedouce.fr\/?page_id=16","title":{"rendered":"Dates sorties RAndo"},"content":{"rendered":"\t\t<div data-elementor-type=\"wp-page\" data-elementor-id=\"16\" class=\"elementor elementor-16\">\n\t\t\t\t\t\t<section class=\"elementor-section elementor-top-section elementor-element elementor-element-812d9b0 elementor-section-boxed elementor-section-height-default elementor-section-height-default\" data-id=\"812d9b0\" data-element_type=\"section\" data-e-type=\"section\">\n\t\t\t\t\t\t<div class=\"elementor-container elementor-column-gap-default\">\n\t\t\t\t\t<div class=\"elementor-column elementor-col-100 elementor-top-column elementor-element elementor-element-90e02ea\" data-id=\"90e02ea\" data-element_type=\"column\" data-e-type=\"column\">\n\t\t\t<div class=\"elementor-widget-wrap elementor-element-populated\">\n\t\t\t\t\t\t<div class=\"elementor-element elementor-element-544a0c8 elementor-widget elementor-widget-text-editor\" data-id=\"544a0c8\" data-element_type=\"widget\" data-e-type=\"widget\" data-widget_type=\"text-editor.default\">\n\t\t\t\t<div class=\"elementor-widget-container\">\n\t\t\t\t\t\t\t\t\t<h2 style=\"padding-left: 40px;\"><span style=\"color: #ff0000;\">Calendrier des sorties 2025\/2026<\/span><\/h2><p><span style=\"color: #333333;\">La plupart des dates indiqu\u00e9es ci-dessous sont d\u00e9finitives. Nous essaierons de ne rien changer.<br \/>Les lieux g\u00e9ographiques o\u00f9 se tiendront les sorties vous seront communiqu\u00e9s par mail au moment du lancement de la randonn\u00e9e. <\/span><\/p><p><span style=\"color: #333333;\">N&rsquo;h\u00e9sitez pas \u00e0 nous contacter :<br \/><\/span>soit par mail : <a href=\"mailto:lafouleedouce@gmail.com\">lafouleedouce@gmail.com<\/a><br \/><span style=\"font-size: 14px; color: #333333;\">soit par t\u00e9l\u00e9phone : <\/span><span style=\"font-size: 14px; color: #333333;\">Sylvie : 07 83 33 03 15 (Pr\u00e9sidente)<\/span><\/p><p><span style=\"color: #333333;\">\u00a0 \u00a0 \u00a0<strong><span style=\"color: #339966;\">\u00a0&#8211;\u00a0<u>Sorties et \u00e9v\u00e9nements LFD \u00e0 venir\u00a0<br \/><\/u><\/span><\/strong><\/span>Vendredi 24 avril : Jean jacques<br \/>Dimanche 26 avril : Jean jacques<br \/>Dimanche 3 mai : Bruno<br \/>Samedi 9 mai : Rando BBQ \u00e0 Vincy-Manoeuvre<\/p><p>6 et 7 juin WE familist\u00e8re de Guise (02)<\/p><p>Lundi 7 au 14 septembre : s\u00e9jour \u00e0 Lods DOUBS<\/p><p><span style=\"color: #008000;\"><strong><span style=\"font-size: 14px;\">\u00a0 \u00a0&#8211;\u00a0<\/span><u style=\"font-size: 14px;\">Sorties et \u00e9v\u00e9nements hors LFD <\/u><u style=\"font-size: 14px;\">\u00e0 venir :<\/u><\/strong><\/span><span style=\"color: #000000;\"><span style=\"color: #800080;\"><br \/><span style=\"color: #008000;\">Dimanche 28 juin, rando des terroirs<br \/><span style=\"color: #0000ff;\">WE rando sant\u00e9 12 et 13 septembre (St Quentin 02) Renseignements CODERANDO77<br \/><span style=\"color: #000000;\">WE sortie Hors les murs 2 et 3 octobre (Pierrefond) Renseignements CODERANDO77<\/span><\/span><\/span><\/span><\/span><\/p><p><span style=\"text-decoration: underline;\"><strong><span style=\"color: #3366ff; text-decoration: underline;\"><span style=\"font-size: 14px;\">&#8211; Saison 2025-2026 :<br \/><\/span><\/span><\/strong><\/span><span style=\"color: #3366ff;\"><span style=\"font-size: 14px;\"><span style=\"color: #000000;\">Samedi 6 au 13 septembre : s\u00e9jour Beg-meil Bretagne &#8211; 27 participants &#8211; 68 km<br \/>Jeudi\u00a0<\/span><\/span><\/span><span style=\"color: #333333;\"><span style=\"color: #000000;\">18 septembre : RS Jean jacques &#8211; 13 participants &#8211; 6 km<br \/>Dimanche 21 septembre : Benjamin, Jean jacques, Cod\u00e9rando77,\u00a0 Randonn\u00e9e foresti\u00e8re &#8211; 8 participants &#8211; 10 km<br \/>Jeudi 2 octobre : RS Jean jacques &#8211; 25 participants &#8211; 7 km<br \/>Dimanche 5 octobre : Robert &#8211; 18 participants &#8211; 16 km<br \/>Jeudi 9 octobre : RS Jean jacques &#8211; 21 participants &#8211; 12 km<br \/>Dimanche 12 octobre : Jean jacques &#8211; 20 participants &#8211; 17km<br \/>Vendredi 17 octobre : Bruno &#8211; 23 participants &#8211; 17 km<br \/>Dimanche 26 octobre : Robert &#8211; 15 participants &#8211; 15 km<br \/>Vendredi 31 octobre : Jean marc &#8211; 27 participants &#8211; 17 km<br \/>Dimanche 2 novembre : Robert &#8211; 11 participants &#8211; 15 km<br \/>Vendredi 7 novembre : Bruno &#8211; 20 participants &#8211; 17 km<br \/>Dimanche 16 novembre : Robert &#8211; 10 participants &#8211; 20 km<br \/>Vendredi 21 novembre : Bruno &#8211; 21 participants &#8211; 17 km<br \/>Vendredi 28 novembre : RS Jean marc &#8211; 13 participants : 9 km<br \/>Dimanche 30 novembre : Jean jacques &#8211; 12 participants &#8211; 17 km<br \/>Vendredi 5 d\u00e9cembre : RS Jean marc &#8211; 10 participants &#8211; 8 km<br \/>Dimanche 7 d\u00e9cembre : Bruno &#8211; 6 participants &#8211; 18 km<br \/>Jeudi 11 d\u00e9cembre : RS jean marc &#8211; 16 participants &#8211; 7,5 km<br \/>Dimanche 21 d\u00e9cembre : Bruno &#8211; 16 km et RS Jean jacques &#8211; 7 km<br \/>Vendredi 2 janvier : RS Jean marc &#8211; 17 participants &#8211; 7 km<br \/>Dimanche 18 janvier : Robert &#8211; 24 participants &#8211; 17 km<br \/>Samedi 24 au 31 janvier S\u00e9jour raquettes Les Moussi\u00e8res JURA &#8211; 15 participants<br \/>Dimanche 8 f\u00e9vrier : Benjamin &#8211; 22 participants &#8211; 11 km<br \/>Vendredi 13 f\u00e9vrier : Bruno &#8211; 14 participants &#8211; 16<\/span><\/span><span style=\"color: #333333;\"><span style=\"color: #000000;\"> km<br \/>Vendredi 20 f\u00e9vrier : RS Jean marc &#8211; 8 participants &#8211; 7 km<br \/>Samedi 21 f\u00e9vrier : Visite paris &#8211; 18 participants &#8211; 6 km<br \/>Dimanche 22 f\u00e9vrier : Benjamin &#8211; 11 participants &#8211; 11 km<br \/>Vendredi 27 f\u00e9vrier : RS Jean jacques &#8211; 16 participants &#8211; 6 km<br \/>Dimanche 1er mars : Jean jacques &#8211; 23 participants &#8211; 16 km<br \/>Vendredi 6 mars : Bruno &#8211; 19 participants &#8211; 17 km<br \/>Jeudi 12 mars : RS Jean jacques &#8211; 16 participants &#8211; 6 km<br \/>Dimanche 15 mars : Jean marc &#8211; 20 participants &#8211; 11 km<br \/>Vendredi 20 mars : RS Jean marc &#8211; 18 participants : 7 km<br \/>Dimanche 22 mars : Jean jacques &#8211; 24 participants &#8211; 16 km<br \/>Jeudi 26 mars : RS Jean jacques &#8211; 9 participants &#8211; 6 km<br \/>Dimanche 29 mars : Benjamin &#8211; 17 participants &#8211; 11 km<br \/>Vendredi 3 avril : Jean jacques &#8211; 25 participants &#8211; 18 km<br \/>Jeudi 9 avril : RS Jean jacques &#8211; 7 participants &#8211; 8 km<br \/>Dimanche 12 avril : La Meldoise + suite avec Bruno &#8211; 14 participants &#8211; 5 + 6 km<br \/>Jeudi 16 avril : RS Jean jacques &#8211; 13 participants &#8211; 7 km<br \/>Dimanche 19 avril : Jean marc &#8211; 21 participants &#8211; 15 km<\/span><\/span><\/p>\t\t\t\t\t\t\t\t<\/div>\n\t\t\t\t<\/div>\n\t\t\t\t\t<\/div>\n\t\t<\/div>\n\t\t\t\t\t<\/div>\n\t\t<\/section>\n\t\t\t\t<\/div>\n\t\t","protected":false},"excerpt":{"rendered":"<p>Calendrier des sorties 2025\/2026 La plupart des dates indiqu\u00e9es ci-dessous sont d\u00e9finitives. Nous essaierons de ne rien changer.Les lieux g\u00e9ographiques o\u00f9 se tiendront les sorties vous seront communiqu\u00e9s par mail [&hellip;]<\/p>\n","protected":false},"author":1,"featured_media":0,"parent":0,"menu_order":0,"comment_status":"closed","ping_status":"closed","template":"","meta":{"ocean_post_layout":"","ocean_both_sidebars_style":"","ocean_both_sidebars_content_width":0,"ocean_both_sidebars_sidebars_width":0,"ocean_sidebar":"0","ocean_second_sidebar":"0","ocean_disable_margins":"enable","ocean_add_body_class":"","ocean_shortcode_before_top_bar":"","ocean_shortcode_after_top_bar":"","ocean_shortcode_before_header":"","ocean_shortcode_after_header":"","ocean_has_shortcode":"","ocean_shortcode_after_title":"","ocean_shortcode_before_footer_widgets":"","ocean_shortcode_after_footer_widgets":"","ocean_shortcode_before_footer_bottom":"","ocean_shortcode_after_footer_bottom":"","ocean_display_top_bar":"default","ocean_display_header":"default","ocean_header_style":"","ocean_center_header_left_menu":"0","ocean_custom_header_template":"0","ocean_custom_logo":0,"ocean_custom_retina_logo":0,"ocean_custom_logo_max_width":0,"ocean_custom_logo_tablet_max_width":0,"ocean_custom_logo_mobile_max_width":0,"ocean_custom_logo_max_height":0,"ocean_custom_logo_tablet_max_height":0,"ocean_custom_logo_mobile_max_height":0,"ocean_header_custom_menu":"0","ocean_menu_typo_font_family":"0","ocean_menu_typo_font_subset":"","ocean_menu_typo_font_size":0,"ocean_menu_typo_font_size_tablet":0,"ocean_menu_typo_font_size_mobile":0,"ocean_menu_typo_font_size_unit":"px","ocean_menu_typo_font_weight":"","ocean_menu_typo_font_weight_tablet":"","ocean_menu_typo_font_weight_mobile":"","ocean_menu_typo_transform":"","ocean_menu_typo_transform_tablet":"","ocean_menu_typo_transform_mobile":"","ocean_menu_typo_line_height":0,"ocean_menu_typo_line_height_tablet":0,"ocean_menu_typo_line_height_mobile":0,"ocean_menu_typo_line_height_unit":"","ocean_menu_typo_spacing":0,"ocean_menu_typo_spacing_tablet":0,"ocean_menu_typo_spacing_mobile":0,"ocean_menu_typo_spacing_unit":"","ocean_menu_link_color":"","ocean_menu_link_color_hover":"","ocean_menu_link_color_active":"","ocean_menu_link_background":"","ocean_menu_link_hover_background":"","ocean_menu_link_active_background":"","ocean_menu_social_links_bg":"","ocean_menu_social_hover_links_bg":"","ocean_menu_social_links_color":"","ocean_menu_social_hover_links_color":"","ocean_disable_title":"default","ocean_disable_heading":"default","ocean_post_title":"","ocean_post_subheading":"","ocean_post_title_style":"","ocean_post_title_background_color":"","ocean_post_title_background":0,"ocean_post_title_bg_image_position":"","ocean_post_title_bg_image_attachment":"","ocean_post_title_bg_image_repeat":"","ocean_post_title_bg_image_size":"","ocean_post_title_height":0,"ocean_post_title_bg_overlay":0.5,"ocean_post_title_bg_overlay_color":"","ocean_disable_breadcrumbs":"default","ocean_breadcrumbs_color":"","ocean_breadcrumbs_separator_color":"","ocean_breadcrumbs_links_color":"","ocean_breadcrumbs_links_hover_color":"","ocean_display_footer_widgets":"default","ocean_display_footer_bottom":"default","ocean_custom_footer_template":"0","footnotes":""},"class_list":["post-16","page","type-page","status-publish","hentry","entry"],"_links":{"self":[{"href":"https:\/\/lafouleedouce.fr\/index.php?rest_route=\/wp\/v2\/pages\/16","targetHints":{"allow":["GET"]}}],"collection":[{"href":"https:\/\/lafouleedouce.fr\/index.php?rest_route=\/wp\/v2\/pages"}],"about":[{"href":"https:\/\/lafouleedouce.fr\/index.php?rest_route=\/wp\/v2\/types\/page"}],"author":[{"embeddable":true,"href":"https:\/\/lafouleedouce.fr\/index.php?rest_route=\/wp\/v2\/users\/1"}],"replies":[{"embeddable":true,"href":"https:\/\/lafouleedouce.fr\/index.php?rest_route=%2Fwp%2Fv2%2Fcomments&post=16"}],"version-history":[{"count":1758,"href":"https:\/\/lafouleedouce.fr\/index.php?rest_route=\/wp\/v2\/pages\/16\/revisions"}],"predecessor-version":[{"id":21608,"href":"https:\/\/lafouleedouce.fr\/index.php?rest_route=\/wp\/v2\/pages\/16\/revisions\/21608"}],"wp:attachment":[{"href":"https:\/\/lafouleedouce.fr\/index.php?rest_route=%2Fwp%2Fv2%2Fmedia&parent=16"}],"curies":[{"name":"wp","href":"https:\/\/api.w.org\/{rel}","templated":true}]}}