{"id":204,"date":"2022-06-16T12:46:56","date_gmt":"2022-06-16T10:46:56","guid":{"rendered":"https:\/\/lafouleedouce.fr\/?page_id=204"},"modified":"2025-08-30T00:25:08","modified_gmt":"2025-08-29T22:25:08","slug":"adhesions-et-tarifs","status":"publish","type":"page","link":"https:\/\/lafouleedouce.fr\/?page_id=204","title":{"rendered":"Adh\u00e9sions et tarifs"},"content":{"rendered":"\t\t<div data-elementor-type=\"wp-page\" data-elementor-id=\"204\" class=\"elementor elementor-204\">\n\t\t\t\t\t\t<section class=\"elementor-section elementor-top-section elementor-element elementor-element-e5f2fb1 elementor-section-boxed elementor-section-height-default elementor-section-height-default\" data-id=\"e5f2fb1\" data-element_type=\"section\" data-e-type=\"section\">\n\t\t\t\t\t\t<div class=\"elementor-container elementor-column-gap-default\">\n\t\t\t\t\t<div class=\"elementor-column elementor-col-100 elementor-top-column elementor-element elementor-element-286bf0b\" data-id=\"286bf0b\" data-element_type=\"column\" data-e-type=\"column\">\n\t\t\t<div class=\"elementor-widget-wrap elementor-element-populated\">\n\t\t\t\t\t\t<div class=\"elementor-element elementor-element-8970888 elementor-widget elementor-widget-text-editor\" data-id=\"8970888\" data-element_type=\"widget\" data-e-type=\"widget\" data-widget_type=\"text-editor.default\">\n\t\t\t\t<div class=\"elementor-widget-container\">\n\t\t\t\t\t\t\t\t\t<div><h2 style=\"padding-left: 40px;\"><span style=\"color: #ff0000;\"><strong>A<\/strong>dh\u00e9sions<\/span><\/h2><p><span style=\"color: #333333;\">Le formulaire d&rsquo;adh\u00e9sion pour la saison 2025\/2026 est disponible ci-dessous.<br \/>Merci de le lire avec attention, vous y aurez certainement les r\u00e9ponses aux questions que vous vous posez.<\/span><\/p><\/div><div><span style=\"color: #333333;\">Rappel important sur le CACI (Certificat m\u00e9dical d&rsquo;Absence de non Contre Indication) :<br \/><\/span><\/div><div><span style=\"color: #333333;\">&#8211; Il est obligatoire pour toute nouvelle inscription au club, ou apr\u00e8s interruption de 2 saisons sportives (en indiquant bien le ou les types d&rsquo;activit\u00e9).\u00a0<\/span><\/div><div><span style=\"color: #333333;\">&#8211; Pour le renouvellement annuel de la licence, vous devrez remplir l&rsquo;attestation ci-dessous, qui assure que vous avez bien r\u00e9pondu NON \u00e0 toutes les questions de l&rsquo;auto-questionnaire de Sant\u00e9.<\/span><\/div><div>\u00a0<\/div><div style=\"text-align: left;\"><span style=\"text-decoration: underline;\"><span style=\"color: #008000; text-decoration: underline;\"><span style=\"font-weight: bold;\">\u00a0<\/span><span style=\"font-weight: bold;\">Important :<\/span><\/span><\/span><\/div><div><span style=\"color: #333333;\">&#8211; Merci de prendre connaissance de nos <a href=\"https:\/\/lafouleedouce.fr\/wp-content\/uploads\/2022\/10\/Statuts-2022-2023-LFD.pdf\">statuts<\/a> et de lire le <a href=\"https:\/\/lafouleedouce.fr\/wp-content\/uploads\/2022\/10\/Reglement-Interieur-2022-2023-LFD.pdf\">r\u00e8glement int\u00e9rieur<\/a> avant de vous inscrire.<\/span><\/div><div><span style=\"color: #333333;\">&#8211; Nous vous invitons \u00e9galement \u00e0 prendre connaissance de la <a href=\"https:\/\/lafouleedouce.fr\/wp-content\/uploads\/2022\/06\/Charte-du-randonneur.pdf\">charte du randonneur<\/a>.<\/span><\/div><div>\u00a0<\/div><div><h2 style=\"padding-left: 40px;\"><span style=\"color: #ff0000;\"><strong>Inscriptions \u00e0 LA FOULEE DOUCE<\/strong><\/span><\/h2><p><span style=\"color: #333333;\">Vous pouvez vous inscrire pour la randonn\u00e9e et\/ou \u00e0 la marche nordique en consultant et t\u00e9l\u00e9chargeant les documents ci-dessous.<br \/>Vous devrez nous renvoyer un dossier complet, avec le formulaire et <span style=\"color: #ff0000;\">uniquement<\/span> l&rsquo;attestation du questionnaire de sant\u00e9. <span style=\"color: #008000;\">Ne pas nous envoyer le questionnaire.<\/span><br \/><\/span><\/p><ul><li><a href=\"https:\/\/lafouleedouce.fr\/wp-content\/uploads\/2025\/08\/Formulaire-adhesion-2025-2026-1.pdf\">Formulaire d&rsquo;adh\u00e9sion 2025-2026<\/a><br \/><a href=\"https:\/\/lafouleedouce.fr\/wp-content\/uploads\/2022\/06\/Questionnaire-de-sante.pdf\">Auto-questionnaire de sant\u00e9<\/a><\/li><li><a href=\"https:\/\/lafouleedouce.fr\/wp-content\/uploads\/2022\/06\/Attestation-Questionnaire-de-sante.pdf\">Attestation questionnaire de sant\u00e9<\/a><\/li><li><a href=\"https:\/\/lafouleedouce.fr\/wp-content\/uploads\/2022\/06\/Garanties-complementaires-du-licencie.pdf\">Garanties compl\u00e9mentaires du licenci\u00e9<\/a><\/li><li><a href=\"https:\/\/lafouleedouce.fr\/wp-content\/uploads\/2022\/06\/Extension-de-garantie-assistance-rapatriement-etranger.pdf\">Extension de garantie assistance rapatriement \u00e9tranger<\/a><\/li><\/ul><\/div>\t\t\t\t\t\t\t\t<\/div>\n\t\t\t\t<\/div>\n\t\t\t\t\t<\/div>\n\t\t<\/div>\n\t\t\t\t\t<\/div>\n\t\t<\/section>\n\t\t\t\t<\/div>\n\t\t","protected":false},"excerpt":{"rendered":"<p>Adh\u00e9sions Le formulaire d&rsquo;adh\u00e9sion pour la saison 2025\/2026 est disponible ci-dessous.Merci de le lire avec attention, vous y aurez certainement les r\u00e9ponses aux questions que vous vous posez. Rappel important [&hellip;]<\/p>\n","protected":false},"author":1,"featured_media":0,"parent":0,"menu_order":0,"comment_status":"closed","ping_status":"closed","template":"","meta":{"ocean_post_layout":"full-width","ocean_both_sidebars_style":"","ocean_both_sidebars_content_width":0,"ocean_both_sidebars_sidebars_width":0,"ocean_sidebar":"0","ocean_second_sidebar":"0","ocean_disable_margins":"enable","ocean_add_body_class":"","ocean_shortcode_before_top_bar":"","ocean_shortcode_after_top_bar":"","ocean_shortcode_before_header":"","ocean_shortcode_after_header":"","ocean_has_shortcode":"","ocean_shortcode_after_title":"","ocean_shortcode_before_footer_widgets":"","ocean_shortcode_after_footer_widgets":"","ocean_shortcode_before_footer_bottom":"","ocean_shortcode_after_footer_bottom":"","ocean_display_top_bar":"default","ocean_display_header":"default","ocean_header_style":"","ocean_center_header_left_menu":"0","ocean_custom_header_template":"0","ocean_custom_logo":0,"ocean_custom_retina_logo":0,"ocean_custom_logo_max_width":0,"ocean_custom_logo_tablet_max_width":0,"ocean_custom_logo_mobile_max_width":0,"ocean_custom_logo_max_height":0,"ocean_custom_logo_tablet_max_height":0,"ocean_custom_logo_mobile_max_height":0,"ocean_header_custom_menu":"0","ocean_menu_typo_font_family":"0","ocean_menu_typo_font_subset":"","ocean_menu_typo_font_size":0,"ocean_menu_typo_font_size_tablet":0,"ocean_menu_typo_font_size_mobile":0,"ocean_menu_typo_font_size_unit":"px","ocean_menu_typo_font_weight":"","ocean_menu_typo_font_weight_tablet":"","ocean_menu_typo_font_weight_mobile":"","ocean_menu_typo_transform":"","ocean_menu_typo_transform_tablet":"","ocean_menu_typo_transform_mobile":"","ocean_menu_typo_line_height":0,"ocean_menu_typo_line_height_tablet":0,"ocean_menu_typo_line_height_mobile":0,"ocean_menu_typo_line_height_unit":"","ocean_menu_typo_spacing":0,"ocean_menu_typo_spacing_tablet":0,"ocean_menu_typo_spacing_mobile":0,"ocean_menu_typo_spacing_unit":"","ocean_menu_link_color":"","ocean_menu_link_color_hover":"","ocean_menu_link_color_active":"","ocean_menu_link_background":"","ocean_menu_link_hover_background":"","ocean_menu_link_active_background":"","ocean_menu_social_links_bg":"","ocean_menu_social_hover_links_bg":"","ocean_menu_social_links_color":"","ocean_menu_social_hover_links_color":"","ocean_disable_title":"default","ocean_disable_heading":"default","ocean_post_title":"","ocean_post_subheading":"","ocean_post_title_style":"","ocean_post_title_background_color":"","ocean_post_title_background":0,"ocean_post_title_bg_image_position":"","ocean_post_title_bg_image_attachment":"","ocean_post_title_bg_image_repeat":"","ocean_post_title_bg_image_size":"","ocean_post_title_height":0,"ocean_post_title_bg_overlay":0.5,"ocean_post_title_bg_overlay_color":"","ocean_disable_breadcrumbs":"default","ocean_breadcrumbs_color":"","ocean_breadcrumbs_separator_color":"","ocean_breadcrumbs_links_color":"","ocean_breadcrumbs_links_hover_color":"","ocean_display_footer_widgets":"default","ocean_display_footer_bottom":"default","ocean_custom_footer_template":"0","footnotes":""},"class_list":["post-204","page","type-page","status-publish","hentry","entry"],"_links":{"self":[{"href":"https:\/\/lafouleedouce.fr\/index.php?rest_route=\/wp\/v2\/pages\/204","targetHints":{"allow":["GET"]}}],"collection":[{"href":"https:\/\/lafouleedouce.fr\/index.php?rest_route=\/wp\/v2\/pages"}],"about":[{"href":"https:\/\/lafouleedouce.fr\/index.php?rest_route=\/wp\/v2\/types\/page"}],"author":[{"embeddable":true,"href":"https:\/\/lafouleedouce.fr\/index.php?rest_route=\/wp\/v2\/users\/1"}],"replies":[{"embeddable":true,"href":"https:\/\/lafouleedouce.fr\/index.php?rest_route=%2Fwp%2Fv2%2Fcomments&post=204"}],"version-history":[{"count":125,"href":"https:\/\/lafouleedouce.fr\/index.php?rest_route=\/wp\/v2\/pages\/204\/revisions"}],"predecessor-version":[{"id":18980,"href":"https:\/\/lafouleedouce.fr\/index.php?rest_route=\/wp\/v2\/pages\/204\/revisions\/18980"}],"wp:attachment":[{"href":"https:\/\/lafouleedouce.fr\/index.php?rest_route=%2Fwp%2Fv2%2Fmedia&parent=204"}],"curies":[{"name":"wp","href":"https:\/\/api.w.org\/{rel}","templated":true}]}}